{"id":25,"date":"2025-09-23T10:25:57","date_gmt":"2025-09-23T10:25:57","guid":{"rendered":"https:\/\/dailypsalmlight.online\/testimonials\/"},"modified":"2025-09-23T10:26:54","modified_gmt":"2025-09-23T10:26:54","slug":"testimonios","status":"publish","type":"page","link":"https:\/\/dailypsalmlight.online\/es\/testimonials\/","title":{"rendered":"Testimonios"},"content":{"rendered":"<div class=\"wp-block-group alignfull has-background-background-color has-background\" id=\"testimonials\" style=\"margin-top:0;margin-bottom:0;padding-top:var(--wp--preset--spacing--60);padding-right:var(--wp--preset--spacing--30);padding-bottom:var(--wp--preset--spacing--60);padding-left:var(--wp--preset--spacing--30)\"><div class=\"wp-block-group__inner-container is-layout-constrained wp-container-core-group-is-layout-392eb801 wp-block-group-is-layout-constrained\">\n<div class=\"wp-block-group alignwide is-vertical is-layout-flex wp-container-core-group-is-layout-8cf370e7 wp-block-group-is-layout-flex\">\n<div class=\"wp-block-group\"><div class=\"wp-block-group__inner-container is-layout-constrained wp-block-group-is-layout-constrained\">\n<h2 class=\"wp-block-heading has-large-font-size\">Reflexiones inspiradoras sobre los Salmos<\/h2>\n\n\n\n<p style=\"margin-top:16px\">Descubra historias conmovedoras de visitantes inspirados por nuestras reflexiones diarias de los Salmos centradas en Jes\u00fas.<\/p>\n<\/div><\/div>\n<\/div>\n\n\n\n<div class=\"wp-block-group alignwide has-tertiary-background-color has-background\" style=\"padding-top:var(--wp--preset--spacing--40);padding-right:var(--wp--preset--spacing--40);padding-bottom:var(--wp--preset--spacing--40);padding-left:var(--wp--preset--spacing--40)\"><div class=\"wp-block-group__inner-container is-layout-constrained wp-container-core-group-is-layout-eed42e15 wp-block-group-is-layout-constrained\">\n<div class=\"wp-block-columns alignwide are-vertically-aligned-center is-layout-flex wp-container-core-columns-is-layout-bd0aba32 wp-block-columns-is-layout-flex\">\n<div class=\"wp-block-column is-vertically-aligned-center is-layout-flow wp-block-column-is-layout-flow\" style=\"flex-basis:66.66%\">\n<p style=\"font-size:32px;font-style:normal;font-weight:600;line-height:1.4\">Los mensajes diarios llenan mi coraz\u00f3n de paz y me gu\u00edan m\u00e1s cerca de Jes\u00fas cada d\u00eda.<\/p>\n\n\n\n<h4 class=\"wp-block-heading has-small-font-size\">Sara M.<\/h4>\n\n\n\n<p class=\"has-small-font-size\" style=\"margin-top:2px\">Devoto fiel<\/p>\n<\/div>\n\n\n\n<div class=\"wp-block-column is-vertically-aligned-center is-layout-flow wp-block-column-is-layout-flow\" style=\"flex-basis:33.33%\"><div class=\"wp-block-image is-style-default extendify-image-import\">\n<figure class=\"aligncenter\"><img decoding=\"async\" src=\"https:\/\/images.unsplash.com\/photo-1552374196-c4e7ffc6e126?fit=crop&amp;crop=entropy%2Cfaces&amp;auto=format%2Ccompress&amp;w=1280\" alt=\"\" style=\"aspect-ratio:1;object-fit:cover\"\/><\/figure>\n<\/div><\/div>\n<\/div>\n<\/div><\/div>\n\n\n\n<div class=\"wp-block-columns alignwide is-layout-flex wp-container-core-columns-is-layout-4ca347d4 wp-block-columns-is-layout-flex\" style=\"margin-top:32px\">\n<div class=\"wp-block-column is-vertically-aligned-stretch has-tertiary-background-color has-background is-layout-flow wp-block-column-is-layout-flow\">\n<div class=\"wp-block-group\" style=\"min-height:100%;padding-top:var(--wp--preset--spacing--30);padding-right:24px;padding-bottom:var(--wp--preset--spacing--30);padding-left:24px\"><div class=\"wp-block-group__inner-container is-layout-constrained wp-container-core-group-is-layout-6a81b5f5 wp-block-group-is-layout-constrained\">\n<p>Cada Salmo compartido aqu\u00ed renueva mi esp\u00edritu y fortalece mi fe de manera profunda.<\/p>\n\n\n\n<div class=\"wp-block-group is-nowrap is-layout-flex wp-container-core-group-is-layout-9510437d wp-block-group-is-layout-flex\"><div class=\"wp-block-image is-style-rounded extendify-image-import\">\n<figure class=\"aligncenter\"><img decoding=\"async\" src=\"https:\/\/images.unsplash.com\/photo-1614204424926-196a80bf0be8?fit=crop&amp;crop=entropy%2Cfaces&amp;auto=format%2Ccompress&amp;w=64&amp;h=64\" alt=\"\" style=\"aspect-ratio:1;object-fit:cover\"\/><\/figure>\n<\/div>\n\n\n<div class=\"wp-block-group\"><div class=\"wp-block-group__inner-container is-layout-constrained wp-block-group-is-layout-constrained\">\n<h4 class=\"wp-block-heading has-small-font-size\">James L.<\/h4>\n\n\n\n<p class=\"has-small-font-size\" style=\"margin-top:2px\">Buscador espiritual<\/p>\n<\/div><\/div>\n<\/div>\n<\/div><\/div>\n<\/div>\n\n\n\n<div class=\"wp-block-column is-vertically-aligned-stretch has-tertiary-background-color has-background is-layout-flow wp-block-column-is-layout-flow\">\n<div class=\"wp-block-group\" style=\"min-height:100%;padding-top:var(--wp--preset--spacing--30);padding-right:24px;padding-bottom:var(--wp--preset--spacing--30);padding-left:24px\"><div class=\"wp-block-group__inner-container is-layout-constrained wp-container-core-group-is-layout-6a81b5f5 wp-block-group-is-layout-constrained\">\n<p>Las reflexiones aportan claridad y esperanza, conectando hermosamente las Escrituras con la vida diaria.<\/p>\n\n\n\n<div class=\"wp-block-group is-nowrap is-layout-flex wp-container-core-group-is-layout-9510437d wp-block-group-is-layout-flex\"><div class=\"wp-block-image is-style-rounded extendify-image-import\">\n<figure class=\"aligncenter\"><img decoding=\"async\" src=\"https:\/\/images.unsplash.com\/photo-1593757147298-e064ed1419e5?fit=crop&amp;crop=entropy%2Cfaces&amp;auto=format%2Ccompress&amp;w=64&amp;h=64\" alt=\"\" style=\"aspect-ratio:1;object-fit:cover\"\/><\/figure>\n<\/div>\n\n\n<div class=\"wp-block-group\"><div class=\"wp-block-group__inner-container is-layout-constrained wp-block-group-is-layout-constrained\">\n<h4 class=\"wp-block-heading has-small-font-size\">Emily R.<\/h4>\n\n\n\n<p class=\"has-small-font-size\" style=\"margin-top:2px\">Entusiasta de la Biblia<\/p>\n<\/div><\/div>\n<\/div>\n<\/div><\/div>\n<\/div>\n\n\n\n<div class=\"wp-block-column is-vertically-aligned-stretch has-tertiary-background-color has-background is-layout-flow wp-block-column-is-layout-flow\">\n<div class=\"wp-block-group\" style=\"min-height:100%;padding-top:var(--wp--preset--spacing--30);padding-right:24px;padding-bottom:var(--wp--preset--spacing--30);padding-left:24px\"><div class=\"wp-block-group__inner-container is-layout-constrained wp-container-core-group-is-layout-6a81b5f5 wp-block-group-is-layout-constrained\">\n<p>Este sitio es una verdadera bendici\u00f3n, que ofrece consuelo e inspiraci\u00f3n a trav\u00e9s de poderosos Salmos.<\/p>\n\n\n\n<div class=\"wp-block-group is-nowrap is-layout-flex wp-container-core-group-is-layout-9510437d wp-block-group-is-layout-flex\"><div class=\"wp-block-image is-style-rounded extendify-image-import\">\n<figure class=\"aligncenter\"><img decoding=\"async\" src=\"https:\/\/images.unsplash.com\/photo-1525134479668-1bee5c7c6845?fit=crop&amp;crop=entropy%2Cfaces&amp;auto=format%2Ccompress&amp;w=64&amp;h=64\" alt=\"\" style=\"aspect-ratio:1;object-fit:cover\"\/><\/figure>\n<\/div>\n\n\n<div class=\"wp-block-group\"><div class=\"wp-block-group__inner-container is-layout-constrained wp-block-group-is-layout-constrained\">\n<h4 class=\"wp-block-heading has-small-font-size\">Michael T.<\/h4>\n\n\n\n<p class=\"has-small-font-size\" style=\"margin-top:2px\">L\u00edder del grupo de oraci\u00f3n<\/p>\n<\/div><\/div>\n<\/div>\n<\/div><\/div>\n<\/div>\n<\/div>\n<\/div><\/div>\n\n<div class=\"wp-block-group alignfull has-tertiary-background-color has-background\" style=\"margin-top:0;margin-bottom:0;padding-top:var(--wp--preset--spacing--60);padding-right:var(--wp--preset--spacing--30);padding-bottom:var(--wp--preset--spacing--60);padding-left:var(--wp--preset--spacing--30)\"><div class=\"wp-block-group__inner-container is-layout-constrained wp-container-core-group-is-layout-512a02c9 wp-block-group-is-layout-constrained\">\n<div class=\"wp-block-group alignwide is-content-justification-center\"><div class=\"wp-block-group__inner-container is-layout-constrained wp-block-group-is-layout-constrained\">\n<h2 class=\"wp-block-heading has-text-align-center has-large-font-size\">Testimonios sinceros de nuestros fieles lectores<\/h2>\n\n\n\n<p class=\"has-text-align-center\" style=\"margin-top:16px\">Descubre reflexiones diarias que te guiar\u00e1n paso a paso para abrazar las ense\u00f1anzas del Salmo y profundizar tu conexi\u00f3n con Jes\u00fas.<\/p>\n<\/div><\/div>\n\n\n\n<div class=\"wp-block-buttons is-content-justification-center is-layout-flex wp-container-core-buttons-is-layout-7d570498 wp-block-buttons-is-layout-flex\" style=\"margin-top:var(--wp--preset--spacing--40);margin-bottom:var(--wp--preset--spacing--50)\">\n<div class=\"wp-block-button is-style-fill\"><a class=\"wp-block-button__link wp-element-button\" href=\"#\">Leer m\u00e1s<\/a><\/div>\n<\/div>\n\n\n\n<div class=\"wp-block-columns alignwide is-layout-flex wp-container-core-columns-is-layout-9d6595d7 wp-block-columns-is-layout-flex\">\n<div class=\"wp-block-column is-vertically-aligned-stretch has-background-background-color has-background is-layout-flow wp-block-column-is-layout-flow\" style=\"flex-basis:40%\">\n<figure class=\"wp-block-image extendify-image-import\"><img decoding=\"async\" src=\"https:\/\/images.unsplash.com\/photo-1600600457585-570c2eb88b89?fit=crop&amp;crop=entropy%2Cfaces&amp;auto=format%2Ccompress&amp;w=1280\" alt=\"\" style=\"aspect-ratio:16\/9;object-fit:cover\"\/><\/figure>\n\n\n\n<div class=\"wp-block-group has-background-background-color has-background is-content-justification-center\" style=\"padding-top:var(--wp--preset--spacing--40);padding-right:var(--wp--preset--spacing--30);padding-bottom:var(--wp--preset--spacing--40);padding-left:var(--wp--preset--spacing--30)\"><div class=\"wp-block-group__inner-container is-layout-constrained wp-container-core-group-is-layout-5385d620 wp-block-group-is-layout-constrained\">\n<h3 class=\"wp-block-heading\" style=\"font-size:1.88rem\">Elevando vidas a trav\u00e9s del poder de los Salmos<\/h3>\n\n\n\n<p style=\"margin-top:16px\">Vea c\u00f3mo nuestros mensajes diarios de Salmos han inspirado a innumerables visitantes a encontrar paz, fortaleza y esperanza en su viaje espiritual.<\/p>\n<\/div><\/div>\n<\/div>\n\n\n\n<div class=\"wp-block-column is-layout-flow wp-block-column-is-layout-flow\">\n<div class=\"wp-block-media-text alignwide has-media-on-the-right is-stacked-on-mobile is-image-fill-element extendify-image-import has-background-background-color has-background\" style=\"grid-template-columns:auto 40%\"><div class=\"wp-block-media-text__content\">\n<div class=\"wp-block-group is-content-justification-center\" style=\"padding-top:var(--wp--preset--spacing--40);padding-bottom:var(--wp--preset--spacing--40)\"><div class=\"wp-block-group__inner-container is-layout-constrained wp-block-group-is-layout-constrained\">\n<h3 class=\"wp-block-heading\" style=\"font-size:1.5rem\">Abrazando la fe para un crecimiento espiritual duradero<\/h3>\n\n\n\n<p style=\"margin-top:16px\">Descubra c\u00f3mo las reflexiones sinceras ayudaron a los creyentes a superar las dudas, fortalecer su fe y experimentar una profunda renovaci\u00f3n espiritual.<\/p>\n<\/div><\/div>\n<\/div><figure class=\"wp-block-media-text__media\"><img decoding=\"async\" src=\"https:\/\/images.unsplash.com\/photo-1567532939604-b6b5b0db2604?fit=crop&amp;crop=entropy%2Cfaces&amp;auto=format%2Ccompress&amp;w=1280\" alt=\"\" style=\"object-position:50% 50%\"\/><\/figure><\/div>\n\n\n\n<div class=\"wp-block-media-text alignwide is-stacked-on-mobile is-image-fill-element extendify-image-import has-background-background-color has-background\" style=\"grid-template-columns:40% auto\"><figure class=\"wp-block-media-text__media\"><img decoding=\"async\" src=\"https:\/\/images.unsplash.com\/photo-1596075780750-81249df16d19?fit=crop&amp;crop=entropy%2Cfaces&amp;auto=format%2Ccompress&amp;w=1280\" alt=\"\" style=\"object-position:50% 50%\"\/><\/figure><div class=\"wp-block-media-text__content\">\n<div class=\"wp-block-group\" style=\"padding-top:var(--wp--preset--spacing--40);padding-bottom:var(--wp--preset--spacing--40)\"><div class=\"wp-block-group__inner-container is-layout-constrained wp-block-group-is-layout-constrained\">\n<h3 class=\"wp-block-heading\" style=\"font-size:1.5rem\">Testificando la transformaci\u00f3n espiritual a trav\u00e9s de las Escrituras<\/h3>\n\n\n\n<p style=\"margin-top:16px\">Lea historias de personas que encontraron claridad, aliento y una fe m\u00e1s profunda al interactuar con nuestras inspiraciones diarias de los Salmos.<\/p>\n<\/div><\/div>\n<\/div><\/div>\n<\/div>\n<\/div>\n<\/div><\/div>\n\n<div class=\"wp-block-group alignfull has-background-background-color has-background\" style=\"margin-top:0;margin-bottom:0;padding-top:var(--wp--preset--spacing--60);padding-right:var(--wp--preset--spacing--30);padding-bottom:var(--wp--preset--spacing--60);padding-left:var(--wp--preset--spacing--30)\"><div class=\"wp-block-group__inner-container is-layout-constrained wp-container-core-group-is-layout-512a02c9 wp-block-group-is-layout-constrained\">\n<div class=\"wp-block-columns alignwide is-layout-flex wp-container-core-columns-is-layout-9d6595d7 wp-block-columns-is-layout-flex\">\n<div class=\"wp-block-column is-layout-flow wp-block-column-is-layout-flow\">\n<div class=\"wp-block-group alignwide is-content-justification-center\"><div class=\"wp-block-group__inner-container is-layout-constrained wp-block-group-is-layout-constrained\">\n<h2 class=\"wp-block-heading has-large-font-size\">Inspirado y apreciado por seguidores fieles<\/h2>\n\n\n\n<p style=\"margin-top:16px\">Descubra historias conmovedoras de personas que se sintieron inspiradas por los Salmos diarios y comparten c\u00f3mo estas reflexiones sobre Jes\u00fas han profundizado su fe y tra\u00eddo paz a sus vidas.<\/p>\n<\/div><\/div>\n\n\n\n<div class=\"wp-block-buttons is-layout-flex wp-block-buttons-is-layout-flex\" style=\"margin-top:var(--wp--preset--spacing--40)\">\n<div class=\"wp-block-button is-style-fill\"><a class=\"wp-block-button__link wp-element-button\" href=\"#\">Leer testimonios<\/a><\/div>\n<\/div>\n<\/div>\n\n\n\n<div class=\"wp-block-column is-layout-flow wp-block-column-is-layout-flow\">\n<div class=\"wp-block-columns alignwide is-layout-flex wp-container-core-columns-is-layout-9d6595d7 wp-block-columns-is-layout-flex\">\n<div class=\"wp-block-column is-layout-flow wp-block-column-is-layout-flow\">\n<div class=\"wp-block-group\"><div class=\"wp-block-group__inner-container is-layout-constrained wp-block-group-is-layout-constrained\">\n<div class=\"wp-block-group is-content-justification-center is-nowrap is-layout-flex wp-container-core-group-is-layout-94bc23d7 wp-block-group-is-layout-flex\">\n<div class=\"wp-block-group has-tertiary-background-color has-background wp-container-content-487bf011 is-content-justification-center is-nowrap is-layout-flex wp-container-core-group-is-layout-87310114 wp-block-group-is-layout-flex\" style=\"border-radius:100px;min-height:96px;padding-top:var(--wp--preset--spacing--20);padding-right:var(--wp--preset--spacing--20);padding-bottom:var(--wp--preset--spacing--20);padding-left:var(--wp--preset--spacing--20)\"><div class=\"wp-block-image extendify-image-import wp-duotone-varpresetduotonesecondary-and-primary-1\">\n<figure class=\"aligncenter size-large\"><img decoding=\"async\" src=\"data:image\/svg+xml;base64,PHN2ZyB4bWxucz0iaHR0cDovL3d3dy53My5vcmcvMjAwMC9zdmciIGhlaWdodD0iNDhweCIgdmlld0JveD0iMCAtOTYwIDk2MCA5NjAiIHdpZHRoPSI0OHB4IiBmaWxsPSIjMWUxZTFlIj48cGF0aCBkPSJtMzQ2LTYwLTc2LTEzMC0xNTEtMzEgMTctMTQ3LTk2LTExMiA5Ni0xMTEtMTctMTQ3IDE1MS0zMSA3Ni0xMzEgMTM0IDYyIDEzNC02MiA3NyAxMzEgMTUwIDMxLTE3IDE0NyA5NiAxMTEtOTYgMTEyIDE3IDE0Ny0xNTAgMzEtNzcgMTMwLTEzNC02Mi0xMzQgNjJabTI3LTc5IDEwNy00NSAxMTAgNDUgNjctMTAwIDExNy0zMC0xMi0xMTkgODEtOTItODEtOTQgMTItMTE5LTExNy0yOC02OS0xMDAtMTA4IDQ1LTExMC00NS02NyAxMDAtMTE3IDI4IDEyIDExOS04MSA5NCA4MSA5Mi0xMiAxMjEgMTE3IDI4IDcwIDEwMFptMTA3LTM0MVptLTQzIDEzMyAyMjctMjI1LTQ1LTQxLTE4MiAxODAtOTUtOTktNDYgNDUgMTQxIDE0MFoiLz48L3N2Zz4=\" alt=\"\"\/><\/figure>\n<\/div><\/div>\n<\/div>\n\n\n\n<h3 class=\"wp-block-heading has-text-align-center\" style=\"margin-top:24px;font-size:1.25rem\">Insignia de Fe Renovada<\/h3>\n<\/div><\/div>\n<\/div>\n\n\n\n<div class=\"wp-block-column is-layout-flow wp-block-column-is-layout-flow\">\n<div class=\"wp-block-group\"><div class=\"wp-block-group__inner-container is-layout-constrained wp-block-group-is-layout-constrained\">\n<div class=\"wp-block-group is-content-justification-center is-nowrap is-layout-flex wp-container-core-group-is-layout-94bc23d7 wp-block-group-is-layout-flex\">\n<div class=\"wp-block-group has-tertiary-background-color has-background wp-container-content-487bf011 is-content-justification-center is-nowrap is-layout-flex wp-container-core-group-is-layout-87310114 wp-block-group-is-layout-flex\" style=\"border-radius:100px;min-height:96px;padding-top:var(--wp--preset--spacing--20);padding-right:var(--wp--preset--spacing--20);padding-bottom:var(--wp--preset--spacing--20);padding-left:var(--wp--preset--spacing--20)\"><div class=\"wp-block-image extendify-image-import wp-duotone-varpresetduotonesecondary-and-primary-2\">\n<figure class=\"aligncenter size-large\"><img decoding=\"async\" src=\"data:image\/svg+xml;base64,PHN2ZyB4bWxucz0iaHR0cDovL3d3dy53My5vcmcvMjAwMC9zdmciIGhlaWdodD0iNDhweCIgdmlld0JveD0iMCAtOTYwIDk2MCA5NjAiIHdpZHRoPSI0OHB4IiBmaWxsPSIjMWUxZTFlIj48cGF0aCBkPSJtNDM2LTM0NyAyMjgtMjI4LTQyLTQxLTE4MyAxODMtMTAxLTEwMS00NCA0NCAxNDIgMTQzWm00NCAyNjZxLTE0MC0zNS0yMzAtMTYyLjVUMTYwLTUyM3YtMjM4bDMyMC0xMjAgMzIwIDEyMHYyMzhxMCAxNTItOTAgMjc5LjVUNDgwLTgxWm0wLTYycTExNS0zOCAxODcuNS0xNDMuNVQ3NDAtNTIzdi0xOTZsLTI2MC05OC0yNjAgOTh2MTk2cTAgMTMxIDcyLjUgMjM2LjVUNDgwLTE0M1ptMC0zMzdaIi8+PC9zdmc+\" alt=\"\"\/><\/figure>\n<\/div><\/div>\n<\/div>\n\n\n\n<h3 class=\"wp-block-heading has-text-align-center\" style=\"margin-top:24px;font-size:1.25rem\">Historias llenas de gracia<\/h3>\n<\/div><\/div>\n<\/div>\n<\/div>\n\n\n\n<div class=\"wp-block-columns alignwide is-layout-flex wp-container-core-columns-is-layout-9d6595d7 wp-block-columns-is-layout-flex\">\n<div class=\"wp-block-column is-layout-flow wp-block-column-is-layout-flow\">\n<div class=\"wp-block-group\"><div class=\"wp-block-group__inner-container is-layout-constrained wp-block-group-is-layout-constrained\">\n<div class=\"wp-block-group is-content-justification-center is-nowrap is-layout-flex wp-container-core-group-is-layout-94bc23d7 wp-block-group-is-layout-flex\">\n<div class=\"wp-block-group has-tertiary-background-color has-background wp-container-content-487bf011 is-content-justification-center is-nowrap is-layout-flex wp-container-core-group-is-layout-87310114 wp-block-group-is-layout-flex\" style=\"border-radius:100px;min-height:96px;padding-top:var(--wp--preset--spacing--20);padding-right:var(--wp--preset--spacing--20);padding-bottom:var(--wp--preset--spacing--20);padding-left:var(--wp--preset--spacing--20)\"><div class=\"wp-block-image extendify-image-import wp-duotone-varpresetduotonesecondary-and-primary-3\">\n<figure class=\"aligncenter size-large\"><img decoding=\"async\" src=\"data:image\/svg+xml;base64,PHN2ZyB4bWxucz0iaHR0cDovL3d3dy53My5vcmcvMjAwMC9zdmciIGhlaWdodD0iNDhweCIgdmlld0JveD0iMCAtOTYwIDk2MCA5NjAiIHdpZHRoPSI0OHB4IiBmaWxsPSIjMWUxZTFlIj48cGF0aCBkPSJtMzYzLTMxMCAxMTctNzEgMTE3IDcxLTMxLTEzMyAxMDQtOTAtMTM3LTExLTUzLTEyNi01MyAxMjYtMTM3IDExIDEwNCA5MC0zMSAxMzNaTTQ4MS0yOSAzNDYtMTYwSDE2MHYtMTg2TDI2LTQ4MGwxMzQtMTM0di0xODZoMTg2bDEzNS0xMzQgMTMzIDEzNGgxODZ2MTg2bDEzNCAxMzQtMTM0IDEzNHYxODZINjE0TDQ4MS0yOVptMC04NCAxMDcuOTItMTA3SDc0MHYtMTUxbDEwOS0xMDktMTA5LTEwOXYtMTUxSDU4OUw0ODEtODQ5IDM3MS03NDBIMjIwdjE1MUwxMTEtNDgwbDEwOSAxMDl2MTUxaDE1MGwxMTEgMTA3Wm0wLTM2OFoiLz48L3N2Zz4=\" alt=\"\"\/><\/figure>\n<\/div><\/div>\n<\/div>\n\n\n\n<h3 class=\"wp-block-heading has-text-align-center\" style=\"margin-top:24px;font-size:1.25rem\">Alabanza guiada por el Esp\u00edritu<\/h3>\n<\/div><\/div>\n<\/div>\n\n\n\n<div class=\"wp-block-column is-layout-flow wp-block-column-is-layout-flow\">\n<div class=\"wp-block-group\"><div class=\"wp-block-group__inner-container is-layout-constrained wp-block-group-is-layout-constrained\">\n<div class=\"wp-block-group is-content-justification-center is-nowrap is-layout-flex wp-container-core-group-is-layout-94bc23d7 wp-block-group-is-layout-flex\">\n<div class=\"wp-block-group has-tertiary-background-color has-background wp-container-content-487bf011 is-content-justification-center is-nowrap is-layout-flex wp-container-core-group-is-layout-87310114 wp-block-group-is-layout-flex\" style=\"border-radius:100px;min-height:96px;padding-top:var(--wp--preset--spacing--20);padding-right:var(--wp--preset--spacing--20);padding-bottom:var(--wp--preset--spacing--20);padding-left:var(--wp--preset--spacing--20)\"><div class=\"wp-block-image extendify-image-import wp-duotone-varpresetduotonesecondary-and-primary-4\">\n<figure class=\"aligncenter size-large\"><img decoding=\"async\" src=\"data:image\/svg+xml;base64,PHN2ZyB4bWxucz0iaHR0cDovL3d3dy53My5vcmcvMjAwMC9zdmciIGhlaWdodD0iNDhweCIgdmlld0JveD0iMCAtOTYwIDk2MCA5NjAiIHdpZHRoPSI0OHB4IiBmaWxsPSIjMWUxZTFlIj48cGF0aCBkPSJtMzIzLTI0NSAxNTctOTQgMTU3IDk1LTQyLTE3OCAxMzgtMTIwLTE4Mi0xNi03MS0xNjgtNzEgMTY3LTE4MiAxNiAxMzggMTIwLTQyIDE3OFptLTkwIDEyNSA2NS0yODFMODAtNTkwbDI4OC0yNSAxMTItMjY1IDExMiAyNjUgMjg4IDI1LTIxOCAxODkgNjUgMjgxLTI0Ny0xNDktMjQ3IDE0OVptNDU3LTU2MCAyMS04OS03MS01OSA5NC04IDM2LTg0IDM2IDg0IDk0IDgtNzEgNTkgMjEgODktODAtNDctODAgNDdaTTQ4MC00ODVaIi8+PC9zdmc+\" alt=\"\"\/><\/figure>\n<\/div><\/div>\n<\/div>\n\n\n\n<h3 class=\"wp-block-heading has-text-align-center\" style=\"margin-top:24px;font-size:1.25rem\">Emblema de la esperanza restaurada<\/h3>\n<\/div><\/div>\n<\/div>\n<\/div>\n<\/div>\n<\/div>\n<\/div><\/div>","protected":false},"excerpt":{"rendered":"<p>Inspiring Psalms Reflections Discover heartfelt stories from visitors uplifted by our daily Psalm reflections centered on Jesus. The daily messages fill my heart with peace and guide me closer to Jesus every day. Sarah M. Faithful Devotee Each Psalm shared here renews my spirit and strengthens my faith in profound ways. James L. Spiritual Seeker &#8230; <a title=\"Testimonios\" class=\"read-more\" href=\"https:\/\/dailypsalmlight.online\/es\/testimonials\/\" aria-label=\"Leer m\u00e1s sobre Testimonials\">Leer m\u00e1s<\/a><\/p>","protected":false},"author":1,"featured_media":0,"parent":0,"menu_order":0,"comment_status":"closed","ping_status":"closed","template":"page-with-title","meta":{"footnotes":""},"class_list":["post-25","page","type-page","status-publish"],"aioseo_notices":[],"_links":{"self":[{"href":"https:\/\/dailypsalmlight.online\/es\/wp-json\/wp\/v2\/pages\/25","targetHints":{"allow":["GET"]}}],"collection":[{"href":"https:\/\/dailypsalmlight.online\/es\/wp-json\/wp\/v2\/pages"}],"about":[{"href":"https:\/\/dailypsalmlight.online\/es\/wp-json\/wp\/v2\/types\/page"}],"author":[{"embeddable":true,"href":"https:\/\/dailypsalmlight.online\/es\/wp-json\/wp\/v2\/users\/1"}],"replies":[{"embeddable":true,"href":"https:\/\/dailypsalmlight.online\/es\/wp-json\/wp\/v2\/comments?post=25"}],"version-history":[{"count":1,"href":"https:\/\/dailypsalmlight.online\/es\/wp-json\/wp\/v2\/pages\/25\/revisions"}],"predecessor-version":[{"id":50,"href":"https:\/\/dailypsalmlight.online\/es\/wp-json\/wp\/v2\/pages\/25\/revisions\/50"}],"wp:attachment":[{"href":"https:\/\/dailypsalmlight.online\/es\/wp-json\/wp\/v2\/media?parent=25"}],"curies":[{"name":"wp","href":"https:\/\/api.w.org\/{rel}","templated":true}]}}